{"id":761,"date":"2025-10-29T18:05:48","date_gmt":"2025-10-29T18:05:48","guid":{"rendered":"https:\/\/zakilawfirm.com\/?page_id=761"},"modified":"2025-12-18T15:57:59","modified_gmt":"2025-12-18T15:57:59","slug":"disclaimer","status":"publish","type":"page","link":"https:\/\/zakilawfirm.com\/es\/disclaimer\/","title":{"rendered":"Descargo de responsabilidad"},"content":{"rendered":"<div data-elementor-type=\"wp-page\" data-elementor-id=\"761\" class=\"elementor elementor-761\" data-elementor-post-type=\"page\">\n\t\t\t\t<div class=\"elementor-element elementor-element-c643713 e-con-full e-flex e-con e-parent\" data-id=\"c643713\" data-element_type=\"container\" data-e-type=\"container\" data-settings=\"{&quot;background_background&quot;:&quot;classic&quot;}\">\n\t\t<div class=\"elementor-element elementor-element-1f2c344 e-flex e-con-boxed e-con e-child\" data-id=\"1f2c344\" data-element_type=\"container\" data-e-type=\"container\">\n\t\t\t\t\t<div class=\"e-con-inner\">\n\t\t\t\t<div class=\"elementor-element elementor-element-4170a74 elementor-widget elementor-widget-heading\" data-id=\"4170a74\" data-element_type=\"widget\" data-e-type=\"widget\" data-widget_type=\"heading.default\">\n\t\t\t\t\t<h2 class=\"elementor-heading-title elementor-size-default\">Descargo de responsabilidad<\/h2>\t\t\t\t<\/div>\n\t\t\t\t<div class=\"elementor-element elementor-element-ae40329 elementor-widget elementor-widget-text-editor\" data-id=\"ae40329\" data-element_type=\"widget\" data-e-type=\"widget\" data-widget_type=\"text-editor.default\">\n\t\t\t\t\t\t\t\t\t<p>La informaci\u00f3n que usted obtiene en este sitio no es, ni pretende ser, asesoramiento legal. Debe consultar a un abogado para obtener asesoramiento sobre su situaci\u00f3n particular. Le invitamos a ponerse en contacto con nosotros y agradecemos sus llamadas, cartas y correos electr\u00f3nicos. El hecho de ponerse en contacto con nosotros no crea una relaci\u00f3n abogado-cliente. Por favor, no nos env\u00ede ninguna informaci\u00f3n confidencial hasta que se haya establecido una relaci\u00f3n abogado-cliente.<\/p><p>Este sitio puede considerarse publicidad de abogados en algunas jurisdicciones seg\u00fan la legislaci\u00f3n y las normas \u00e9ticas aplicables. Los resultados anteriores no garantizan un resultado similar. Los resultados dependen de una variedad de factores \u00fanicos para cada representaci\u00f3n. Cualquier resultado descrito en el blog depende de los hechos de cada caso en particular y los resultados ser\u00e1n diferentes si se basan en hechos diferentes. La determinaci\u00f3n de la necesidad de servicios legales y la elecci\u00f3n de un abogado son decisiones extremadamente importantes y no deben basarse \u00fanicamente en anuncios publicitarios. En este blog no se afirma que la calidad de los servicios legales que se prestar\u00e1n sea superior a la calidad de los servicios legales prestados por otros abogados.<\/p>\t\t\t\t\t\t\t\t<\/div>\n\t\t\t\t<div class=\"elementor-element elementor-element-5595d80 elementor-widget-divider--view-line elementor-widget elementor-widget-divider\" data-id=\"5595d80\" data-element_type=\"widget\" data-e-type=\"widget\" data-widget_type=\"divider.default\">\n\t\t\t\t\t\t\t<div class=\"elementor-divider\">\n\t\t\t<span class=\"elementor-divider-separator\">\n\t\t\t\t\t\t<\/span>\n\t\t<\/div>\n\t\t\t\t\t\t<\/div>\n\t\t\t\t\t<\/div>\n\t\t\t\t<\/div>\n\t\t\t\t<\/div>\n\t\t\t\t<\/div>","protected":false},"excerpt":{"rendered":"<p>Disclaimer The information you obtain at this site is not, nor is it intended to be, legal advice. You should consult an attorney for advice regarding your individual situation. We invite you to contact us and welcome your calls, letters and electronic mail. Contacting us does not create an attorney-client relationship. Please do not send [&hellip;]<\/p>\n","protected":false},"author":1,"featured_media":0,"parent":0,"menu_order":0,"comment_status":"closed","ping_status":"closed","template":"","meta":{"_acf_changed":false,"content-type":"","footnotes":""},"class_list":["post-761","page","type-page","status-publish","hentry"],"acf":[],"_links":{"self":[{"href":"https:\/\/zakilawfirm.com\/es\/wp-json\/wp\/v2\/pages\/761","targetHints":{"allow":["GET"]}}],"collection":[{"href":"https:\/\/zakilawfirm.com\/es\/wp-json\/wp\/v2\/pages"}],"about":[{"href":"https:\/\/zakilawfirm.com\/es\/wp-json\/wp\/v2\/types\/page"}],"author":[{"embeddable":true,"href":"https:\/\/zakilawfirm.com\/es\/wp-json\/wp\/v2\/users\/1"}],"replies":[{"embeddable":true,"href":"https:\/\/zakilawfirm.com\/es\/wp-json\/wp\/v2\/comments?post=761"}],"version-history":[{"count":0,"href":"https:\/\/zakilawfirm.com\/es\/wp-json\/wp\/v2\/pages\/761\/revisions"}],"wp:attachment":[{"href":"https:\/\/zakilawfirm.com\/es\/wp-json\/wp\/v2\/media?parent=761"}],"curies":[{"name":"wp","href":"https:\/\/api.w.org\/{rel}","templated":true}]}}